{"id":363,"date":"2025-11-26T14:37:58","date_gmt":"2025-11-26T14:37:58","guid":{"rendered":"https:\/\/satukiljunen.com\/?page_id=363"},"modified":"2025-12-15T12:53:34","modified_gmt":"2025-12-15T12:53:34","slug":"alands-konstmusem","status":"publish","type":"page","link":"https:\/\/satukiljunen.com\/index.php\/alands-konstmusem\/","title":{"rendered":"\u00c5lands konstmusem"},"content":{"rendered":"<div class=\"wp-block-image\">\n<figure class=\"aligncenter size-large\"><img loading=\"lazy\" decoding=\"async\" width=\"1024\" height=\"673\" src=\"https:\/\/satukiljunen.com\/wp-content\/uploads\/2025\/12\/20240831-003-1024x673.jpg\" alt=\"\" class=\"wp-image-514\" srcset=\"https:\/\/satukiljunen.com\/wp-content\/uploads\/2025\/12\/20240831-003-1024x673.jpg 1024w, https:\/\/satukiljunen.com\/wp-content\/uploads\/2025\/12\/20240831-003-300x197.jpg 300w, https:\/\/satukiljunen.com\/wp-content\/uploads\/2025\/12\/20240831-003-768x505.jpg 768w, https:\/\/satukiljunen.com\/wp-content\/uploads\/2025\/12\/20240831-003.jpg 1200w\" sizes=\"auto, (max-width: 1024px) 100vw, 1024px\" \/><figcaption class=\"wp-element-caption\">\u00c5lands konstmuseum 2024<\/figcaption><\/figure>\n<\/div>\n\n<div class=\"wp-block-image\">\n<figure class=\"aligncenter size-large\"><img loading=\"lazy\" decoding=\"async\" width=\"1024\" height=\"702\" src=\"https:\/\/satukiljunen.com\/wp-content\/uploads\/2025\/12\/20240831-019-1024x702.jpg\" alt=\"\" class=\"wp-image-517\" srcset=\"https:\/\/satukiljunen.com\/wp-content\/uploads\/2025\/12\/20240831-019-1024x702.jpg 1024w, https:\/\/satukiljunen.com\/wp-content\/uploads\/2025\/12\/20240831-019-300x206.jpg 300w, https:\/\/satukiljunen.com\/wp-content\/uploads\/2025\/12\/20240831-019-768x527.jpg 768w, https:\/\/satukiljunen.com\/wp-content\/uploads\/2025\/12\/20240831-019.jpg 1200w\" sizes=\"auto, (max-width: 1024px) 100vw, 1024px\" \/><\/figure>\n<\/div>\n\n<div class=\"wp-block-image\">\n<figure class=\"aligncenter size-large\"><img loading=\"lazy\" decoding=\"async\" width=\"1024\" height=\"683\" src=\"https:\/\/satukiljunen.com\/wp-content\/uploads\/2025\/12\/20240831-024-1024x683.jpg\" alt=\"\" class=\"wp-image-518\" srcset=\"https:\/\/satukiljunen.com\/wp-content\/uploads\/2025\/12\/20240831-024-1024x683.jpg 1024w, https:\/\/satukiljunen.com\/wp-content\/uploads\/2025\/12\/20240831-024-300x200.jpg 300w, https:\/\/satukiljunen.com\/wp-content\/uploads\/2025\/12\/20240831-024-768x512.jpg 768w, https:\/\/satukiljunen.com\/wp-content\/uploads\/2025\/12\/20240831-024.jpg 1200w\" sizes=\"auto, (max-width: 1024px) 100vw, 1024px\" \/><\/figure>\n<\/div>\n\n<div class=\"wp-block-image\">\n<figure class=\"aligncenter size-large\"><img loading=\"lazy\" decoding=\"async\" width=\"1024\" height=\"683\" src=\"https:\/\/satukiljunen.com\/wp-content\/uploads\/2025\/12\/20240831-031-1024x683.jpg\" alt=\"\" class=\"wp-image-519\" srcset=\"https:\/\/satukiljunen.com\/wp-content\/uploads\/2025\/12\/20240831-031-1024x683.jpg 1024w, https:\/\/satukiljunen.com\/wp-content\/uploads\/2025\/12\/20240831-031-300x200.jpg 300w, https:\/\/satukiljunen.com\/wp-content\/uploads\/2025\/12\/20240831-031-768x512.jpg 768w, https:\/\/satukiljunen.com\/wp-content\/uploads\/2025\/12\/20240831-031.jpg 1200w\" sizes=\"auto, (max-width: 1024px) 100vw, 1024px\" \/><\/figure>\n<\/div>\n\n<div class=\"wp-block-image\">\n<figure class=\"aligncenter size-large is-resized\"><img loading=\"lazy\" decoding=\"async\" width=\"683\" height=\"1024\" src=\"https:\/\/satukiljunen.com\/wp-content\/uploads\/2025\/12\/20240831-076-683x1024.jpg\" alt=\"\" class=\"wp-image-526\" style=\"aspect-ratio:0.6669871061264973;width:686px;height:auto\" srcset=\"https:\/\/satukiljunen.com\/wp-content\/uploads\/2025\/12\/20240831-076-683x1024.jpg 683w, https:\/\/satukiljunen.com\/wp-content\/uploads\/2025\/12\/20240831-076-200x300.jpg 200w, https:\/\/satukiljunen.com\/wp-content\/uploads\/2025\/12\/20240831-076-768x1152.jpg 768w, https:\/\/satukiljunen.com\/wp-content\/uploads\/2025\/12\/20240831-076.jpg 800w\" sizes=\"auto, (max-width: 683px) 100vw, 683px\" \/><\/figure>\n<\/div>\n\n<div class=\"wp-block-image\">\n<figure class=\"aligncenter size-large\"><img loading=\"lazy\" decoding=\"async\" width=\"1024\" height=\"683\" src=\"https:\/\/satukiljunen.com\/wp-content\/uploads\/2025\/12\/20240831-071-1024x683.jpg\" alt=\"\" class=\"wp-image-525\" srcset=\"https:\/\/satukiljunen.com\/wp-content\/uploads\/2025\/12\/20240831-071-1024x683.jpg 1024w, https:\/\/satukiljunen.com\/wp-content\/uploads\/2025\/12\/20240831-071-300x200.jpg 300w, https:\/\/satukiljunen.com\/wp-content\/uploads\/2025\/12\/20240831-071-768x512.jpg 768w, https:\/\/satukiljunen.com\/wp-content\/uploads\/2025\/12\/20240831-071.jpg 1200w\" sizes=\"auto, (max-width: 1024px) 100vw, 1024px\" \/><\/figure>\n<\/div>\n\n<div class=\"wp-block-image\">\n<figure class=\"aligncenter size-large\"><img loading=\"lazy\" decoding=\"async\" width=\"1024\" height=\"683\" src=\"https:\/\/satukiljunen.com\/wp-content\/uploads\/2025\/12\/20240831-051-1024x683.jpg\" alt=\"\" class=\"wp-image-523\" srcset=\"https:\/\/satukiljunen.com\/wp-content\/uploads\/2025\/12\/20240831-051-1024x683.jpg 1024w, https:\/\/satukiljunen.com\/wp-content\/uploads\/2025\/12\/20240831-051-300x200.jpg 300w, https:\/\/satukiljunen.com\/wp-content\/uploads\/2025\/12\/20240831-051-768x512.jpg 768w, https:\/\/satukiljunen.com\/wp-content\/uploads\/2025\/12\/20240831-051.jpg 1200w\" sizes=\"auto, (max-width: 1024px) 100vw, 1024px\" \/><\/figure>\n<\/div>\n\n<div class=\"wp-block-image\">\n<figure class=\"aligncenter size-large\"><img loading=\"lazy\" decoding=\"async\" width=\"809\" height=\"1024\" src=\"https:\/\/satukiljunen.com\/wp-content\/uploads\/2025\/12\/20240831-014-809x1024.jpg\" alt=\"\" class=\"wp-image-516\" srcset=\"https:\/\/satukiljunen.com\/wp-content\/uploads\/2025\/12\/20240831-014-809x1024.jpg 809w, https:\/\/satukiljunen.com\/wp-content\/uploads\/2025\/12\/20240831-014-237x300.jpg 237w, https:\/\/satukiljunen.com\/wp-content\/uploads\/2025\/12\/20240831-014-768x972.jpg 768w, https:\/\/satukiljunen.com\/wp-content\/uploads\/2025\/12\/20240831-014.jpg 948w\" sizes=\"auto, (max-width: 809px) 100vw, 809px\" \/><figcaption class=\"wp-element-caption\">Lyckad, Onnekas, 2024. olja p\u00e5 duk, \u00f6ljy kankaalle<\/figcaption><\/figure>\n<\/div>\n\n<div class=\"wp-block-image\">\n<figure class=\"aligncenter size-large\"><img loading=\"lazy\" decoding=\"async\" width=\"1024\" height=\"683\" src=\"https:\/\/satukiljunen.com\/wp-content\/uploads\/2025\/12\/20240831-046-1024x683.jpg\" alt=\"\" class=\"wp-image-521\" srcset=\"https:\/\/satukiljunen.com\/wp-content\/uploads\/2025\/12\/20240831-046-1024x683.jpg 1024w, https:\/\/satukiljunen.com\/wp-content\/uploads\/2025\/12\/20240831-046-300x200.jpg 300w, https:\/\/satukiljunen.com\/wp-content\/uploads\/2025\/12\/20240831-046-768x512.jpg 768w, https:\/\/satukiljunen.com\/wp-content\/uploads\/2025\/12\/20240831-046.jpg 1200w\" sizes=\"auto, (max-width: 1024px) 100vw, 1024px\" \/><\/figure>\n<\/div>\n\n<div class=\"wp-block-image\">\n<figure class=\"aligncenter size-large\"><img loading=\"lazy\" decoding=\"async\" width=\"1024\" height=\"667\" src=\"https:\/\/satukiljunen.com\/wp-content\/uploads\/2025\/12\/20240831-048-1024x667.jpg\" alt=\"\" class=\"wp-image-522\" srcset=\"https:\/\/satukiljunen.com\/wp-content\/uploads\/2025\/12\/20240831-048-1024x667.jpg 1024w, https:\/\/satukiljunen.com\/wp-content\/uploads\/2025\/12\/20240831-048-300x196.jpg 300w, https:\/\/satukiljunen.com\/wp-content\/uploads\/2025\/12\/20240831-048-768x500.jpg 768w, https:\/\/satukiljunen.com\/wp-content\/uploads\/2025\/12\/20240831-048.jpg 1200w\" sizes=\"auto, (max-width: 1024px) 100vw, 1024px\" \/><\/figure>\n<\/div>\n\n<div class=\"wp-block-image\">\n<figure class=\"aligncenter size-large\"><img loading=\"lazy\" decoding=\"async\" width=\"792\" height=\"1024\" src=\"https:\/\/satukiljunen.com\/wp-content\/uploads\/2025\/12\/20240831-005-792x1024.jpg\" alt=\"\" class=\"wp-image-515\" srcset=\"https:\/\/satukiljunen.com\/wp-content\/uploads\/2025\/12\/20240831-005-792x1024.jpg 792w, https:\/\/satukiljunen.com\/wp-content\/uploads\/2025\/12\/20240831-005-232x300.jpg 232w, https:\/\/satukiljunen.com\/wp-content\/uploads\/2025\/12\/20240831-005-768x993.jpg 768w, https:\/\/satukiljunen.com\/wp-content\/uploads\/2025\/12\/20240831-005.jpg 928w\" sizes=\"auto, (max-width: 792px) 100vw, 792px\" \/><figcaption class=\"wp-element-caption\">Gun &#8211; r\u00f6d, punainen, 2016 &#8211; 2024, olja p\u00e5 duk, \u00f6ljy kankaalle<\/figcaption><\/figure>\n<\/div>\n\n","protected":false},"excerpt":{"rendered":"","protected":false},"author":1,"featured_media":0,"parent":0,"menu_order":0,"comment_status":"closed","ping_status":"closed","template":"","meta":{"_kadence_starter_templates_imported_post":false,"_kad_post_transparent":"","_kad_post_title":"","_kad_post_layout":"","_kad_post_sidebar_id":"","_kad_post_content_style":"","_kad_post_vertical_padding":"","_kad_post_feature":"","_kad_post_feature_position":"","_kad_post_header":false,"_kad_post_footer":false,"_kad_post_classname":"","footnotes":""},"class_list":["post-363","page","type-page","status-publish","hentry"],"_links":{"self":[{"href":"https:\/\/satukiljunen.com\/index.php\/wp-json\/wp\/v2\/pages\/363","targetHints":{"allow":["GET"]}}],"collection":[{"href":"https:\/\/satukiljunen.com\/index.php\/wp-json\/wp\/v2\/pages"}],"about":[{"href":"https:\/\/satukiljunen.com\/index.php\/wp-json\/wp\/v2\/types\/page"}],"author":[{"embeddable":true,"href":"https:\/\/satukiljunen.com\/index.php\/wp-json\/wp\/v2\/users\/1"}],"replies":[{"embeddable":true,"href":"https:\/\/satukiljunen.com\/index.php\/wp-json\/wp\/v2\/comments?post=363"}],"version-history":[{"count":3,"href":"https:\/\/satukiljunen.com\/index.php\/wp-json\/wp\/v2\/pages\/363\/revisions"}],"predecessor-version":[{"id":530,"href":"https:\/\/satukiljunen.com\/index.php\/wp-json\/wp\/v2\/pages\/363\/revisions\/530"}],"wp:attachment":[{"href":"https:\/\/satukiljunen.com\/index.php\/wp-json\/wp\/v2\/media?parent=363"}],"curies":[{"name":"wp","href":"https:\/\/api.w.org\/{rel}","templated":true}]}}