{"id":23,"date":"2021-11-09T16:06:32","date_gmt":"2021-11-09T16:06:32","guid":{"rendered":"https:\/\/satukiljunen.com\/?page_id=23"},"modified":"2021-11-24T15:07:03","modified_gmt":"2021-11-24T15:07:03","slug":"kuvia","status":"publish","type":"page","link":"https:\/\/satukiljunen.com\/index.php\/kuvia\/","title":{"rendered":"Galleria G"},"content":{"rendered":"\n<div class=\"wp-block-image\"><figure class=\"aligncenter size-large\"><img loading=\"lazy\" decoding=\"async\" width=\"1024\" height=\"683\" src=\"https:\/\/satukiljunen.com\/wp-content\/uploads\/2021\/11\/20170112-008-1-1024x683.jpg\" alt=\"\" class=\"wp-image-298\" srcset=\"https:\/\/satukiljunen.com\/wp-content\/uploads\/2021\/11\/20170112-008-1-1024x683.jpg 1024w, https:\/\/satukiljunen.com\/wp-content\/uploads\/2021\/11\/20170112-008-1-300x200.jpg 300w, https:\/\/satukiljunen.com\/wp-content\/uploads\/2021\/11\/20170112-008-1-768x512.jpg 768w, https:\/\/satukiljunen.com\/wp-content\/uploads\/2021\/11\/20170112-008-1.jpg 1500w\" sizes=\"auto, (max-width: 1024px) 100vw, 1024px\" \/><\/figure><\/div>\n\n\n\n<div class=\"wp-block-image\"><figure class=\"aligncenter size-full is-resized\"><img loading=\"lazy\" decoding=\"async\" src=\"https:\/\/satukiljunen.com\/wp-content\/uploads\/2021\/11\/20170112-014-1.jpg\" alt=\"\" class=\"wp-image-94\" width=\"584\" height=\"753\" srcset=\"https:\/\/satukiljunen.com\/wp-content\/uploads\/2021\/11\/20170112-014-1.jpg 388w, https:\/\/satukiljunen.com\/wp-content\/uploads\/2021\/11\/20170112-014-1-233x300.jpg 233w\" sizes=\"auto, (max-width: 584px) 100vw, 584px\" \/><figcaption> Vanha mies nuuska huulessa, 2016 \u00f6ljy kankaalle, 280 x 205 cm<\/figcaption><\/figure><\/div>\n\n\n\n<div class=\"wp-block-image\"><figure class=\"aligncenter size-large is-resized\"><img loading=\"lazy\" decoding=\"async\" src=\"https:\/\/satukiljunen.com\/wp-content\/uploads\/2021\/11\/20170112-037-1-751x1024.jpg\" alt=\"\" class=\"wp-image-253\" width=\"372\" height=\"507\" srcset=\"https:\/\/satukiljunen.com\/wp-content\/uploads\/2021\/11\/20170112-037-1-751x1024.jpg 751w, https:\/\/satukiljunen.com\/wp-content\/uploads\/2021\/11\/20170112-037-1-220x300.jpg 220w, https:\/\/satukiljunen.com\/wp-content\/uploads\/2021\/11\/20170112-037-1-768x1047.jpg 768w, https:\/\/satukiljunen.com\/wp-content\/uploads\/2021\/11\/20170112-037-1.jpg 1100w\" sizes=\"auto, (max-width: 372px) 100vw, 372px\" \/><figcaption>C-J variaatio \/ sivuvalo, 2013 \u00f6ljy kipsireliefille<\/figcaption><\/figure><\/div>\n\n\n\n<div class=\"wp-block-image\"><figure class=\"aligncenter size-large\"><img loading=\"lazy\" decoding=\"async\" width=\"1024\" height=\"683\" src=\"https:\/\/satukiljunen.com\/wp-content\/uploads\/2021\/11\/20170112-009-1-1024x683.jpg\" alt=\"\" class=\"wp-image-302\" srcset=\"https:\/\/satukiljunen.com\/wp-content\/uploads\/2021\/11\/20170112-009-1-1024x683.jpg 1024w, https:\/\/satukiljunen.com\/wp-content\/uploads\/2021\/11\/20170112-009-1-300x200.jpg 300w, https:\/\/satukiljunen.com\/wp-content\/uploads\/2021\/11\/20170112-009-1-768x512.jpg 768w, https:\/\/satukiljunen.com\/wp-content\/uploads\/2021\/11\/20170112-009-1.jpg 1500w\" sizes=\"auto, (max-width: 1024px) 100vw, 1024px\" \/><\/figure><\/div>\n\n\n\n<div class=\"wp-block-image\"><figure class=\"aligncenter size-large is-resized\"><img loading=\"lazy\" decoding=\"async\" src=\"https:\/\/satukiljunen.com\/wp-content\/uploads\/2021\/11\/20170112-016-1-741x1024.jpg\" alt=\"\" class=\"wp-image-249\" width=\"658\" height=\"909\" srcset=\"https:\/\/satukiljunen.com\/wp-content\/uploads\/2021\/11\/20170112-016-1-741x1024.jpg 741w, https:\/\/satukiljunen.com\/wp-content\/uploads\/2021\/11\/20170112-016-1-217x300.jpg 217w, https:\/\/satukiljunen.com\/wp-content\/uploads\/2021\/11\/20170112-016-1-768x1062.jpg 768w, https:\/\/satukiljunen.com\/wp-content\/uploads\/2021\/11\/20170112-016-1.jpg 1085w\" sizes=\"auto, (max-width: 658px) 100vw, 658px\" \/><figcaption> Optinen harmaa, 2013 \u00f6ljy kankaalle, 280 x 205 cm<\/figcaption><\/figure><\/div>\n\n\n\n<div class=\"wp-block-image\"><figure class=\"aligncenter size-large\"><img loading=\"lazy\" decoding=\"async\" width=\"1024\" height=\"674\" src=\"https:\/\/satukiljunen.com\/wp-content\/uploads\/2021\/11\/20170112-011-1-1024x674.jpg\" alt=\"\" class=\"wp-image-304\" srcset=\"https:\/\/satukiljunen.com\/wp-content\/uploads\/2021\/11\/20170112-011-1-1024x674.jpg 1024w, https:\/\/satukiljunen.com\/wp-content\/uploads\/2021\/11\/20170112-011-1-300x197.jpg 300w, https:\/\/satukiljunen.com\/wp-content\/uploads\/2021\/11\/20170112-011-1-768x505.jpg 768w, https:\/\/satukiljunen.com\/wp-content\/uploads\/2021\/11\/20170112-011-1.jpg 1500w\" sizes=\"auto, (max-width: 1024px) 100vw, 1024px\" \/><\/figure><\/div>\n\n\n\n<div class=\"wp-block-image\"><figure class=\"aligncenter size-full is-resized\"><img loading=\"lazy\" decoding=\"async\" src=\"https:\/\/satukiljunen.com\/wp-content\/uploads\/2021\/11\/20170112-017-1.jpg\" alt=\"\" class=\"wp-image-96\" width=\"386\" height=\"488\" srcset=\"https:\/\/satukiljunen.com\/wp-content\/uploads\/2021\/11\/20170112-017-1.jpg 396w, https:\/\/satukiljunen.com\/wp-content\/uploads\/2021\/11\/20170112-017-1-238x300.jpg 238w\" sizes=\"auto, (max-width: 386px) 100vw, 386px\" \/><figcaption> C-J variaatio \/ vastavalo, 2013 \u00f6ljy kipsireliefille, 38 x 27 x 11 cm<\/figcaption><\/figure><\/div>\n\n\n\n<div class=\"wp-block-image\"><figure class=\"aligncenter size-large is-resized\"><img loading=\"lazy\" decoding=\"async\" src=\"https:\/\/satukiljunen.com\/wp-content\/uploads\/2021\/11\/20170112-021-1-683x1024.jpg\" alt=\"\" class=\"wp-image-307\" width=\"385\" height=\"577\" srcset=\"https:\/\/satukiljunen.com\/wp-content\/uploads\/2021\/11\/20170112-021-1-683x1024.jpg 683w, https:\/\/satukiljunen.com\/wp-content\/uploads\/2021\/11\/20170112-021-1-200x300.jpg 200w, https:\/\/satukiljunen.com\/wp-content\/uploads\/2021\/11\/20170112-021-1-768x1152.jpg 768w, https:\/\/satukiljunen.com\/wp-content\/uploads\/2021\/11\/20170112-021-1.jpg 1000w\" sizes=\"auto, (max-width: 385px) 100vw, 385px\" \/><figcaption> C-J variaatio \/ vastavalo, 2013 \u00f6ljy kipsireliefille, 38 x 27 x 11 cm<\/figcaption><\/figure><\/div>\n\n\n\n<div class=\"wp-block-image\"><figure class=\"aligncenter size-large is-resized\"><img loading=\"lazy\" decoding=\"async\" src=\"https:\/\/satukiljunen.com\/wp-content\/uploads\/2021\/11\/20170112-030-1-1024x735.jpg\" alt=\"\" class=\"wp-image-308\" width=\"730\" height=\"524\" srcset=\"https:\/\/satukiljunen.com\/wp-content\/uploads\/2021\/11\/20170112-030-1-1024x735.jpg 1024w, https:\/\/satukiljunen.com\/wp-content\/uploads\/2021\/11\/20170112-030-1-300x215.jpg 300w, https:\/\/satukiljunen.com\/wp-content\/uploads\/2021\/11\/20170112-030-1-768x551.jpg 768w, https:\/\/satukiljunen.com\/wp-content\/uploads\/2021\/11\/20170112-030-1.jpg 1500w\" sizes=\"auto, (max-width: 730px) 100vw, 730px\" \/><figcaption> \u00c4 variaatio \/ sivuvalo, 2013 \u00f6ljy kipsireliefille, 35,5 x 22 x 11,5 cm G variaatio \/ sivuvalo, 2016 \u00f6ljy kipsireliefille, 35,5 x 27 x 9,5 cm<\/figcaption><\/figure><\/div>\n\n\n\n<div class=\"wp-block-image\"><figure class=\"aligncenter size-large is-resized\"><img loading=\"lazy\" decoding=\"async\" src=\"https:\/\/satukiljunen.com\/wp-content\/uploads\/2021\/11\/20170112-031-1-695x1024.jpg\" alt=\"\" class=\"wp-image-251\" width=\"347\" height=\"511\" srcset=\"https:\/\/satukiljunen.com\/wp-content\/uploads\/2021\/11\/20170112-031-1-695x1024.jpg 695w, https:\/\/satukiljunen.com\/wp-content\/uploads\/2021\/11\/20170112-031-1-204x300.jpg 204w, https:\/\/satukiljunen.com\/wp-content\/uploads\/2021\/11\/20170112-031-1-768x1132.jpg 768w, https:\/\/satukiljunen.com\/wp-content\/uploads\/2021\/11\/20170112-031-1.jpg 1018w\" sizes=\"auto, (max-width: 347px) 100vw, 347px\" \/><figcaption>\u00c4 variaatio \/ sivuvalo, 2013 \u00f6ljy kipsireliefille, 35,5 x 22 x 11,5 cm<\/figcaption><\/figure><\/div>\n\n\n\n<div class=\"wp-block-image\"><figure class=\"aligncenter size-full\"><img loading=\"lazy\" decoding=\"async\" width=\"359\" height=\"500\" src=\"https:\/\/satukiljunen.com\/wp-content\/uploads\/2021\/11\/20170112-023-1.jpg\" alt=\"\" class=\"wp-image-98\" srcset=\"https:\/\/satukiljunen.com\/wp-content\/uploads\/2021\/11\/20170112-023-1.jpg 359w, https:\/\/satukiljunen.com\/wp-content\/uploads\/2021\/11\/20170112-023-1-215x300.jpg 215w\" sizes=\"auto, (max-width: 359px) 100vw, 359px\" \/><figcaption>Satu Kiljunen, Galleria G, 20170104-29\n\n\nG variaatio \/ sivuvalo, 2016\n\u00f6ljy kipsireliefille, 35,5 x 27 x 9,5 cm<\/figcaption><\/figure><\/div>\n\n\n\n<div class=\"wp-block-image\"><figure class=\"aligncenter size-large\"><img loading=\"lazy\" decoding=\"async\" width=\"1024\" height=\"683\" src=\"https:\/\/satukiljunen.com\/wp-content\/uploads\/2021\/11\/20170112-070-1-1024x683.jpg\" alt=\"\" class=\"wp-image-312\" srcset=\"https:\/\/satukiljunen.com\/wp-content\/uploads\/2021\/11\/20170112-070-1-1024x683.jpg 1024w, https:\/\/satukiljunen.com\/wp-content\/uploads\/2021\/11\/20170112-070-1-300x200.jpg 300w, https:\/\/satukiljunen.com\/wp-content\/uploads\/2021\/11\/20170112-070-1-768x512.jpg 768w, https:\/\/satukiljunen.com\/wp-content\/uploads\/2021\/11\/20170112-070-1.jpg 1500w\" sizes=\"auto, (max-width: 1024px) 100vw, 1024px\" \/><\/figure><\/div>\n\n\n\n<div class=\"wp-block-image\"><figure class=\"aligncenter size-large\"><img loading=\"lazy\" decoding=\"async\" width=\"1024\" height=\"683\" src=\"https:\/\/satukiljunen.com\/wp-content\/uploads\/2021\/11\/20170112-040-1-1024x683.jpg\" alt=\"\" class=\"wp-image-310\" srcset=\"https:\/\/satukiljunen.com\/wp-content\/uploads\/2021\/11\/20170112-040-1-1024x683.jpg 1024w, https:\/\/satukiljunen.com\/wp-content\/uploads\/2021\/11\/20170112-040-1-300x200.jpg 300w, https:\/\/satukiljunen.com\/wp-content\/uploads\/2021\/11\/20170112-040-1-768x512.jpg 768w, https:\/\/satukiljunen.com\/wp-content\/uploads\/2021\/11\/20170112-040-1.jpg 1500w\" sizes=\"auto, (max-width: 1024px) 100vw, 1024px\" \/><figcaption> Renessanssi-ihmisi\u00e4, 2013-2016, \u00f6ljy kipsireliefille, teosten ripustuskorkeus perustuu taiteilijan \/ tekij\u00e4n katseen korkeuteen &#8211; Jonas, 2016, 36 x 26,5 x 13 cm &#8211; Gun, 2016, 35,5 x 27,5 x 9,5 cm &#8211; \u00c4iti, 2013, 35,5 x 22 x 11,5 cm &#8211; Carl-Johan, 2013, 38 x 27 x 11 cm<\/figcaption><\/figure><\/div>\n\n\n\n<div class=\"wp-block-image\"><figure class=\"aligncenter size-large is-resized\"><img loading=\"lazy\" decoding=\"async\" src=\"https:\/\/satukiljunen.com\/wp-content\/uploads\/2021\/11\/20170112-046-1-683x1024.jpg\" alt=\"\" class=\"wp-image-313\" width=\"402\" height=\"602\" srcset=\"https:\/\/satukiljunen.com\/wp-content\/uploads\/2021\/11\/20170112-046-1-683x1024.jpg 683w, https:\/\/satukiljunen.com\/wp-content\/uploads\/2021\/11\/20170112-046-1-200x300.jpg 200w, https:\/\/satukiljunen.com\/wp-content\/uploads\/2021\/11\/20170112-046-1-768x1152.jpg 768w, https:\/\/satukiljunen.com\/wp-content\/uploads\/2021\/11\/20170112-046-1.jpg 1000w\" sizes=\"auto, (max-width: 402px) 100vw, 402px\" \/><figcaption> Renessanssi-ihmisi\u00e4, 2013-2016, \u00f6ljy kipsireliefille, teosten ripustuskorkeus perustuu taiteilijan \/ tekij\u00e4n katseen korkeuteen &#8211; Jonas, 2016, 36 x 26,5 x 13 cm<\/figcaption><\/figure><\/div>\n\n\n\n<div class=\"wp-block-image\"><figure class=\"aligncenter size-large is-resized\"><img loading=\"lazy\" decoding=\"async\" src=\"https:\/\/satukiljunen.com\/wp-content\/uploads\/2021\/11\/20170112-068-1-807x1024.jpg\" alt=\"\" class=\"wp-image-316\" width=\"403\" height=\"512\" srcset=\"https:\/\/satukiljunen.com\/wp-content\/uploads\/2021\/11\/20170112-068-1-807x1024.jpg 807w, https:\/\/satukiljunen.com\/wp-content\/uploads\/2021\/11\/20170112-068-1-236x300.jpg 236w, https:\/\/satukiljunen.com\/wp-content\/uploads\/2021\/11\/20170112-068-1-768x975.jpg 768w, https:\/\/satukiljunen.com\/wp-content\/uploads\/2021\/11\/20170112-068-1.jpg 1182w\" sizes=\"auto, (max-width: 403px) 100vw, 403px\" \/><figcaption> \u00c4iti-piirustus, 2014 lyijykyn\u00e4 kipsireliefille, 35,5 x 22 x 11,5 cm<\/figcaption><\/figure><\/div>\n\n\n\n<div class=\"wp-block-image\"><figure class=\"aligncenter size-full is-resized\"><img loading=\"lazy\" decoding=\"async\" src=\"https:\/\/satukiljunen.com\/wp-content\/uploads\/2021\/11\/20170112-065-1.jpg\" alt=\"\" class=\"wp-image-114\" width=\"384\" height=\"279\" srcset=\"https:\/\/satukiljunen.com\/wp-content\/uploads\/2021\/11\/20170112-065-1.jpg 500w, https:\/\/satukiljunen.com\/wp-content\/uploads\/2021\/11\/20170112-065-1-300x218.jpg 300w\" sizes=\"auto, (max-width: 384px) 100vw, 384px\" \/><figcaption>\u00c4iti-viivamaalaus, 2016 \u00f6ljy kipsireliefille, 35,5 x 22 x 11,5 cm <br>\u00c4iti-piirustus, 2014 lyijykyn\u00e4 kipsireliefille, 35,5 x 22 x 11,5 cm<\/figcaption><\/figure><\/div>\n\n\n\n<div class=\"wp-block-image\"><figure class=\"aligncenter size-large is-resized\"><img loading=\"lazy\" decoding=\"async\" src=\"https:\/\/satukiljunen.com\/wp-content\/uploads\/2021\/11\/20170112-067-1-730x1024.jpg\" alt=\"\" class=\"wp-image-317\" width=\"364\" height=\"511\" srcset=\"https:\/\/satukiljunen.com\/wp-content\/uploads\/2021\/11\/20170112-067-1-730x1024.jpg 730w, https:\/\/satukiljunen.com\/wp-content\/uploads\/2021\/11\/20170112-067-1-214x300.jpg 214w, https:\/\/satukiljunen.com\/wp-content\/uploads\/2021\/11\/20170112-067-1-768x1078.jpg 768w, https:\/\/satukiljunen.com\/wp-content\/uploads\/2021\/11\/20170112-067-1.jpg 1069w\" sizes=\"auto, (max-width: 364px) 100vw, 364px\" \/><figcaption> \u00c4iti-viivamaalaus, 2016 \u00f6ljy kipsireliefille, 35,5 x 22 x 11,5 cm \u00c4iti-piirustus, 2014 lyijykyn\u00e4 kipsireliefille, 35,5 x 22 x 11,5 cm<\/figcaption><\/figure><\/div>\n\n\n\n<div class=\"wp-block-image\"><figure class=\"aligncenter size-large\"><img loading=\"lazy\" decoding=\"async\" width=\"1024\" height=\"683\" src=\"https:\/\/satukiljunen.com\/wp-content\/uploads\/2021\/11\/20170112-071-1-1024x683.jpg\" alt=\"\" class=\"wp-image-315\" srcset=\"https:\/\/satukiljunen.com\/wp-content\/uploads\/2021\/11\/20170112-071-1-1024x683.jpg 1024w, https:\/\/satukiljunen.com\/wp-content\/uploads\/2021\/11\/20170112-071-1-300x200.jpg 300w, https:\/\/satukiljunen.com\/wp-content\/uploads\/2021\/11\/20170112-071-1-768x512.jpg 768w, https:\/\/satukiljunen.com\/wp-content\/uploads\/2021\/11\/20170112-071-1.jpg 1500w\" sizes=\"auto, (max-width: 1024px) 100vw, 1024px\" \/><figcaption>Satu Kiljunen, Galleria G, Helsinki 2017<\/figcaption><\/figure><\/div>\n","protected":false},"excerpt":{"rendered":"","protected":false},"author":1,"featured_media":0,"parent":0,"menu_order":0,"comment_status":"closed","ping_status":"closed","template":"","meta":{"_kadence_starter_templates_imported_post":false,"_kad_post_transparent":"","_kad_post_title":"","_kad_post_layout":"","_kad_post_sidebar_id":"","_kad_post_content_style":"","_kad_post_vertical_padding":"","_kad_post_feature":"","_kad_post_feature_position":"","_kad_post_header":false,"_kad_post_footer":false,"_kad_post_classname":"","footnotes":""},"class_list":["post-23","page","type-page","status-publish","hentry"],"_links":{"self":[{"href":"https:\/\/satukiljunen.com\/index.php\/wp-json\/wp\/v2\/pages\/23","targetHints":{"allow":["GET"]}}],"collection":[{"href":"https:\/\/satukiljunen.com\/index.php\/wp-json\/wp\/v2\/pages"}],"about":[{"href":"https:\/\/satukiljunen.com\/index.php\/wp-json\/wp\/v2\/types\/page"}],"author":[{"embeddable":true,"href":"https:\/\/satukiljunen.com\/index.php\/wp-json\/wp\/v2\/users\/1"}],"replies":[{"embeddable":true,"href":"https:\/\/satukiljunen.com\/index.php\/wp-json\/wp\/v2\/comments?post=23"}],"version-history":[{"count":27,"href":"https:\/\/satukiljunen.com\/index.php\/wp-json\/wp\/v2\/pages\/23\/revisions"}],"predecessor-version":[{"id":319,"href":"https:\/\/satukiljunen.com\/index.php\/wp-json\/wp\/v2\/pages\/23\/revisions\/319"}],"wp:attachment":[{"href":"https:\/\/satukiljunen.com\/index.php\/wp-json\/wp\/v2\/media?parent=23"}],"curies":[{"name":"wp","href":"https:\/\/api.w.org\/{rel}","templated":true}]}}