{"id":219,"date":"2021-11-24T11:19:57","date_gmt":"2021-11-24T11:19:57","guid":{"rendered":"https:\/\/satukiljunen.com\/?page_id=219"},"modified":"2025-12-01T10:08:26","modified_gmt":"2025-12-01T10:08:26","slug":"havainto-lahtokohtana-optinen-ruskea","status":"publish","type":"page","link":"https:\/\/satukiljunen.com\/index.php\/havainto-lahtokohtana-optinen-ruskea\/","title":{"rendered":"Havainto l\u00e4ht\u00f6kohtana"},"content":{"rendered":"<div class=\"wp-block-image\">\n<figure class=\"aligncenter size-large is-resized\"><img loading=\"lazy\" decoding=\"async\" width=\"758\" height=\"1024\" src=\"https:\/\/satukiljunen.com\/wp-content\/uploads\/2021\/11\/SK20110401-03-1-758x1024.jpg\" alt=\"\" class=\"wp-image-223\" style=\"width:424px;height:573px\" srcset=\"https:\/\/satukiljunen.com\/wp-content\/uploads\/2021\/11\/SK20110401-03-1-758x1024.jpg 758w, https:\/\/satukiljunen.com\/wp-content\/uploads\/2021\/11\/SK20110401-03-1-222x300.jpg 222w, https:\/\/satukiljunen.com\/wp-content\/uploads\/2021\/11\/SK20110401-03-1-768x1037.jpg 768w, https:\/\/satukiljunen.com\/wp-content\/uploads\/2021\/11\/SK20110401-03-1.jpg 1111w\" sizes=\"auto, (max-width: 758px) 100vw, 758px\" \/><figcaption class=\"wp-element-caption\"> Optinen ruskea seitsem\u00e4ll\u00e4 v\u00e4rill\u00e4, \u00f6ljymaalaus kankaalle, 2010, 280&#215;215 cm<\/figcaption><\/figure>\n<\/div>\n\n\n<p>Olen t\u00e4ysin havaintoriippuvainen taiteilija. Toisaalta fiktio on minulle ongelmallinen k\u00e4sitteen\u00e4kin. Me taiteilijat luomme uutta todellisuutta havaintojemme pohjalta. T\u00e4m\u00e4 uuden todellisuuden luominen antaa meille suuren vastuun mink\u00e4laista todellisuutta tuomme lis\u00e4\u00e4 havaittavaksi.<\/p>\n\n\n\n<p>Ty\u00f6skentelymme perustuu katsomiseen, ihmettelyyn, tarpeeseen ymm\u00e4rt\u00e4\u00e4 lis\u00e4\u00e4 tekemisemme kautta, siksi kiteyt\u00e4mme ja pelkist\u00e4mme. Olemme my\u00f6s alisteisia omalle ilmaisuv\u00e4lineellemme, emme kuitenkaan uhreja. Meid\u00e4n tulee ymm\u00e4rt\u00e4\u00e4 v\u00e4lineen k\u00e4yt\u00f6n traditio ja sen mahdollisuudet. Hyv\u00e4ksy\u00e4 kunkin mediumin luonne osaksi teoksen kokonaissis\u00e4lt\u00f6\u00e4. Oli sitten kyseess\u00e4 video, veistos, mik\u00e4 tahansa.<\/p>\n\n\n\n<p>Keskeinen taiteellinen ongelmani on litist\u00e4misen ongelma. Me tarkkailemme moniulotteista todellisuutta ja saatamme litist\u00e4\u00e4 sen teoksessamme kaksiulotteiselle pinnalle. Pinnan tulkinta on opittua ja se mit\u00e4 n\u00e4emme ja tulkitsemme kuvasta ilment\u00e4\u00e4 meid\u00e4n kulttuurista suhdettamme. Kukaan ei el\u00e4 tyhji\u00f6ss\u00e4.<\/p>\n\n\n\n<p>Havainnon luonne on naturalistinen. Tarkkailemme ymp\u00e4rist\u00f6\u00e4mme, yksityiskohtia, asioita, ilman pelkistyst\u00e4 tai fokusointia, ihan vaan sattumanvaraisesti. Imemme tiet\u00e4m\u00e4tt\u00e4mme  impulsseja,  jotka sitten saattavat putkahtaa yll\u00e4tt\u00e4en esille tietoisemmalla tasolla. Olen ollut kiinnostunut t\u00e4st\u00e4 havainnon naturalistisesta asenteesta ja todennut sen tuottavan taiteellisessa ty\u00f6skentelyss\u00e4 teoksia, jotka helposti miellet\u00e4\u00e4n surrealistisiksi.<\/p>\n\n\n\n<p>Taiteilijan uskollisuus havainnon impulsiivisuudelle ja kaiken yht\u00e4-t\u00e4rkeydelle, vastaanvaikka piirrett\u00e4ess\u00e4 havainnosta maisemaan, avautuu puolestaan katsojalle teoksena ilman ohjattua katsomishierarkiaa.<\/p>\n\n\n\n<p>Teoksessani \u201dOptinen Ruskea\u201d, suuri kasvokuva, halusin toteuttaa my\u00f6s naturalistista otetta konkreettisesti fyysisen\u00e4 strategiana. Osa teoksesta on maalattu rakennustelineill\u00e4 ja kauttaaltaan aina liian l\u00e4hell\u00e4 jotta pensselinvetojen \u201doikeellisuus\u201d suhteessa kokonaisuuteen olisi mahdollista arvioida. Samalla ajatuksella etenin suhteessa v\u00e4reihin kun maalasin aina uuden yhden v\u00e4rin kokopinnalle ja annoin sen vaikuttua alemmista v\u00e4rikerroksista sattumanvaraisesti. Teos on maalattu seitsem\u00e4ll\u00e4 eri v\u00e4rill\u00e4 ohuesti p\u00e4\u00e4llekk\u00e4in. V\u00e4rit olivat p\u00e4\u00e4v\u00e4rien kylm\u00e4t ja l\u00e4mpim\u00e4t s\u00e4vyt sek\u00e4 vihre\u00e4. Niiden valuminen n\u00e4kyy teoksen alareunassa.<\/p>\n\n\n\n<p>Peitt\u00e4v\u00e4 ruskea v\u00e4rih\u00e4n saadaan maalausprosessissa aikaiseksi sekoittamalla komplementtiv\u00e4rej\u00e4 kesken\u00e4\u00e4n. Teoksessani halusin luoda v\u00e4rillisen ihmisen, poikani, ihonv\u00e4rin ns. optisesti v\u00e4rilliseksi, valo teoksessa kuultaa pohjasta ja ruskea syntyy p\u00e4\u00e4v\u00e4reist\u00e4.<\/p>\n\n\n\n<p>Tumman ihonv\u00e4rin maalaamiseen ei ole varmistettua pitk\u00e4\u00e4 traditiota. Miten valo ja val\u00f6\u00f6rien vaihtelu kasvoilla ilmaistaan. On l\u00e4hes mahdotonta sotkea pohjasta tulevan valon ja pintaan rakennetun valon strategioita samassa teoksessa. Kaikki v\u00e4rit riippuvat toinen toisistaan. Niiden ymm\u00e4rt\u00e4minen vaatii komplementtis\u00e4vyjen olemassaolon. V\u00e4rillinen pinta, kaikki pinnat, imev\u00e4t ja heijastavat valon erilaisia aallonpituuksia siksi v\u00e4ri on materian ominaisuus.<\/p>\n\n\n\n<p>Kasvokuvan suuri koko on merkityksellinen. Se korostaa katsojan fyysisen l\u00e4sn\u00e4olon ja koon merkityst\u00e4 tilassa, miss\u00e4 teosta katsotaan. Se korostaa teoksen osuutta taiteellisessa tapahtumassa. Taide ei ole teoksessa eik\u00e4 katsojan p\u00e4\u00e4ss\u00e4 k\u00e4sityksen\u00e4siit\u00e4, mit\u00e4 taide on, mik\u00e4 on taidetta. Taide on tapahtuma teoksen ja katsojan v\u00e4liss\u00e4. Se toteutuu ja ilmenee t\u00e4ss\u00e4 kohtaamisessa.<\/p>\n\n\n\n<p><\/p>\n","protected":false},"excerpt":{"rendered":"<p>Olen t\u00e4ysin havaintoriippuvainen taiteilija. Toisaalta fiktio on minulle ongelmallinen k\u00e4sitteen\u00e4kin. Me taiteilijat luomme uutta todellisuutta havaintojemme pohjalta. T\u00e4m\u00e4 uuden todellisuuden luominen antaa meille suuren vastuun mink\u00e4laista todellisuutta tuomme lis\u00e4\u00e4 havaittavaksi. Ty\u00f6skentelymme perustuu katsomiseen, ihmettelyyn, tarpeeseen ymm\u00e4rt\u00e4\u00e4 lis\u00e4\u00e4 tekemisemme kautta, siksi kiteyt\u00e4mme ja pelkist\u00e4mme. Olemme my\u00f6s alisteisia omalle ilmaisuv\u00e4lineellemme, emme kuitenkaan uhreja. Meid\u00e4n tulee ymm\u00e4rt\u00e4\u00e4 v\u00e4lineen&#8230;<\/p>\n","protected":false},"author":1,"featured_media":0,"parent":0,"menu_order":0,"comment_status":"closed","ping_status":"closed","template":"","meta":{"_kadence_starter_templates_imported_post":false,"_kad_post_transparent":"","_kad_post_title":"","_kad_post_layout":"","_kad_post_sidebar_id":"","_kad_post_content_style":"","_kad_post_vertical_padding":"","_kad_post_feature":"","_kad_post_feature_position":"","_kad_post_header":false,"_kad_post_footer":false,"_kad_post_classname":"","footnotes":""},"class_list":["post-219","page","type-page","status-publish","hentry"],"_links":{"self":[{"href":"https:\/\/satukiljunen.com\/index.php\/wp-json\/wp\/v2\/pages\/219","targetHints":{"allow":["GET"]}}],"collection":[{"href":"https:\/\/satukiljunen.com\/index.php\/wp-json\/wp\/v2\/pages"}],"about":[{"href":"https:\/\/satukiljunen.com\/index.php\/wp-json\/wp\/v2\/types\/page"}],"author":[{"embeddable":true,"href":"https:\/\/satukiljunen.com\/index.php\/wp-json\/wp\/v2\/users\/1"}],"replies":[{"embeddable":true,"href":"https:\/\/satukiljunen.com\/index.php\/wp-json\/wp\/v2\/comments?post=219"}],"version-history":[{"count":6,"href":"https:\/\/satukiljunen.com\/index.php\/wp-json\/wp\/v2\/pages\/219\/revisions"}],"predecessor-version":[{"id":488,"href":"https:\/\/satukiljunen.com\/index.php\/wp-json\/wp\/v2\/pages\/219\/revisions\/488"}],"wp:attachment":[{"href":"https:\/\/satukiljunen.com\/index.php\/wp-json\/wp\/v2\/media?parent=219"}],"curies":[{"name":"wp","href":"https:\/\/api.w.org\/{rel}","templated":true}]}}