{"id":202,"date":"2021-11-24T10:59:31","date_gmt":"2021-11-24T10:59:31","guid":{"rendered":"https:\/\/satukiljunen.com\/?page_id=202"},"modified":"2021-11-24T15:17:37","modified_gmt":"2021-11-24T15:17:37","slug":"kutsukortti-ja-esittelyteksti","status":"publish","type":"page","link":"https:\/\/satukiljunen.com\/index.php\/kutsukortti-ja-esittelyteksti\/","title":{"rendered":"kutsukortti ja esittelyteksti"},"content":{"rendered":"\n<div class=\"wp-block-image\"><figure class=\"aligncenter size-full\"><img loading=\"lazy\" decoding=\"async\" width=\"591\" height=\"396\" src=\"https:\/\/satukiljunen.com\/wp-content\/uploads\/2021\/11\/Kutsukortti-1.jpg\" alt=\"\" class=\"wp-image-203\" srcset=\"https:\/\/satukiljunen.com\/wp-content\/uploads\/2021\/11\/Kutsukortti-1.jpg 591w, https:\/\/satukiljunen.com\/wp-content\/uploads\/2021\/11\/Kutsukortti-1-300x201.jpg 300w\" sizes=\"auto, (max-width: 591px) 100vw, 591px\" \/><\/figure><\/div>\n\n\n\n<p><strong>Satu Kiljusen n\u00e4yttely<\/strong><br><strong>2 &#8211; 30.4. 2011, ke-su 14.00-17.00<br>DAGMARINKATU 13 B 6, 00100, Helsinki<\/strong><br><br>Satu Kiljusen uusi n\u00e4yttely on esill\u00e4 yksityisess\u00e4 tilassa, h\u00e4nen \u201ckakkos\u201d kodissaan ja ty\u00f6huoneessaan, Helsingin keskustassa. Privaattitilan luonne ja mittakaava ovat keskeisi\u00e4 tekij\u00f6it\u00e4 teosten sis\u00e4ll\u00f6n esilletuomiseksi erilaisella tavalla.<br>N\u00e4yttely koostuu maalauksista ja maalatuista veistoksista. <\/p>\n\n\n\n<p>Satu Kiljunen on ty\u00f6skennellyt viime vuodet keskittyen nimenomaan maalauksen ja kolmiulotteisen muodon v\u00e4liseen dialogiin. Teosten aiheiden l\u00e4ht\u00f6kohtana on h\u00e4nen poikansa, h\u00e4nen \u00e4itins\u00e4 ja edesmennyt is\u00e4ns\u00e4. Poikansa, Ronnien, afrikkalaisten kasvonpiirteiden kautta Kiljunen on kuvannut erilaisia aihepiirej\u00e4. H\u00e4n teki jo aiemmin kaksi reliefi\u00e4, joista toinen on musta ja toinen valkoinen. Saman reliefipohjan k\u00e4ytt\u00f6 on antanut h\u00e4nelle mahdollisuuden tutkia ja paljastaa n\u00e4kemiseen voimakkaasti<br>vaikuttavia kulttuurisia tekij\u00f6it\u00e4.<br>\u201dBoyman\u201d- sarja tuo puolestaan esille erilaisia tapoja maalata v\u00e4rillinen iho. N\u00e4m\u00e4 tavat perustuvat l\u00e4nsimaiseen kuvataiteen<br>traditioon ja maalaustekniikkojen historiaan.<br>Satu Kiljunen koki is\u00e4ns\u00e4 kuoleman kymmenen vuotta sitten ja osallistui heti poismenon<br>j\u00e4lkeen tapahtuvaan ruumiin pesuun.\u201d Kuvasin silloin h\u00e4nen sielunsa kodin,\u201d Kiljunen sanoo \u201d, \u201dmutta olen vasta nyt<br>kyennyt ty\u00f6st\u00e4m\u00e4\u00e4n t\u00e4st\u00e4 materiaalista teoksen\u201d.<br>Kiljusen \u00e4iti t\u00e4ytt\u00e4\u00e4 pian 80 vuotta. H\u00e4nen kasvonsa ilmeet ja niiden jatkuvat muutostilat ovat olleet l\u00e4ht\u00f6kohtana teossarjaan h\u00e4nest\u00e4.<br>Valmistuttuaan Kuvataideakatemiasta 70-luvun lopussa Kiljunen koki voimakasta h\u00e4mmennyst\u00e4 taidemaailman kaupallisuudesta. Kahden vuoden ajan, ennen heitt\u00e4ytymist\u00e4 t\u00e4ysp\u00e4iv\u00e4isesti Jack Helen Brut &#8211; ryhm\u00e4n ty\u00f6skentelyyn, h\u00e4n konservoi Turun tuomiokirkon keskiaikaisia puuveistoksia, joista osa oli maalari-kuvanveist\u00e4j\u00e4 Berndt Notken valmistamia polykromaattisia veistoksia.<br>Nyt, kolme vuosikymment\u00e4 my\u00f6hemmin Kiljunen kertoo kokeneensa vahvaa yhteytt\u00e4 t\u00e4h\u00e4n tekij\u00e4\u00e4n, valmistaessaan kasvoreliefej\u00e4\u00e4n. <\/p>\n\n\n\n<p>Taideopintojen yhteydess\u00e4 tehdyt lukuisat kopiot eri tekniikoilla, sek\u00e4 maalaustekniikkojen opettaminen muille, puhumattakaan l\u00e4heisest\u00e4 suhteesta taidehistoriaan, ovat vaikuttaneet h\u00e4nen k\u00e4sitykseen maalauksesta my\u00f6s teknisen\u00e4 rakenteena.<br>T\u00e4m\u00e4 seikka, tekninen rakenne konseptuaalisena sis\u00e4lt\u00f6n\u00e4, visuaalisena n\u00e4kyv\u00e4n\u00e4 vahvuutena mutta my\u00f6s visuaalisuuden ohella, n\u00e4kym\u00e4tt\u00f6miss\u00e4, aistittavissa, on tavalla tai toisella ainaollut l\u00e4sn\u00e4 Kiljusen tekemisess\u00e4 my\u00f6s performanceissa.<br>T\u00e4ss\u00e4 n\u00e4yttelyss\u00e4 t\u00e4m\u00e4 seikka kuitenkin nousee esille entist\u00e4 voimakkaammin kun eri aspektit kohtaavat toisensa intensiivisess\u00e4<br>aihepiirin, visuaalisuuden ja konseptuaalisuuden yhdistelm\u00e4ss\u00e4 ja\/tai ristitulessa.<br><\/p>\n\n\n\n<p>Kiljunen esitt\u00e4\u00e4 ihmisel\u00e4m\u00e4n, ihmisyyden suuret kysymykset tavalla, joka antaa lupaa kysy\u00e4 ja vastata samanaikaisesti ja vertauskuvallisesti 360\u00b0 kulmasta. Samanaikaisia perspektiivej\u00e4 ovat \u201dsyntym\u00e4-kuolema\u201d, \u201dv\u00e4rillinen &#8211; ei-v\u00e4rillinen\u201d, \u201dkolmiulotteisuus-<br>kaksiulotteisuus\u201d, \u201dhistoriallinen identiteetti -yksil\u00f6nidentiteetti, \u201dyksityinen -yleinen\u201d mainitakseen vain pienen m\u00e4\u00e4r\u00e4n niit\u00e4 lukuisia kysymyksenasetteluita, jotka t\u00e4ss\u00e4n\u00e4yttelyss\u00e4 kiteytyv\u00e4t harvinaislaatuiseen kokonaisuuteen. Harvinaislaatuiseen my\u00f6s siin\u00e4<br>mieless\u00e4, ett\u00e4 n\u00e4yttelypaikan maantieteellinen valinta, yksityinen koti keskell\u00e4 suurkaupunkia, on osa teosten konseptuaalista, yht\u00e4 lailla kun visuaalistakin, sis\u00e4lt\u00f6\u00e4.<br>Kiljusen tekninen huolellisuus pit\u00e4\u00e4 saman aikaisesti huolen siit\u00e4, ett\u00e4 yksitt\u00e4iset teokset huokuvatsamaa kiteytynytt\u00e4 intensiivisyytt\u00e4 kuin kokonaisuuskin.<br><br> Tervetuloa<\/p>\n","protected":false},"excerpt":{"rendered":"<p>Satu Kiljusen n\u00e4yttely2 &#8211; 30.4. 2011, ke-su 14.00-17.00DAGMARINKATU 13 B 6, 00100, Helsinki Satu Kiljusen uusi n\u00e4yttely on esill\u00e4 yksityisess\u00e4 tilassa, h\u00e4nen \u201ckakkos\u201d kodissaan ja ty\u00f6huoneessaan, Helsingin keskustassa. Privaattitilan luonne ja mittakaava ovat keskeisi\u00e4 tekij\u00f6it\u00e4 teosten sis\u00e4ll\u00f6n esilletuomiseksi erilaisella tavalla.N\u00e4yttely koostuu maalauksista ja maalatuista veistoksista. Satu Kiljunen on ty\u00f6skennellyt viime vuodet keskittyen nimenomaan maalauksen ja&#8230;<\/p>\n","protected":false},"author":1,"featured_media":0,"parent":0,"menu_order":0,"comment_status":"closed","ping_status":"closed","template":"","meta":{"_kadence_starter_templates_imported_post":false,"_kad_post_transparent":"","_kad_post_title":"","_kad_post_layout":"","_kad_post_sidebar_id":"","_kad_post_content_style":"","_kad_post_vertical_padding":"","_kad_post_feature":"","_kad_post_feature_position":"","_kad_post_header":false,"_kad_post_footer":false,"_kad_post_classname":"","footnotes":""},"class_list":["post-202","page","type-page","status-publish","hentry"],"_links":{"self":[{"href":"https:\/\/satukiljunen.com\/index.php\/wp-json\/wp\/v2\/pages\/202","targetHints":{"allow":["GET"]}}],"collection":[{"href":"https:\/\/satukiljunen.com\/index.php\/wp-json\/wp\/v2\/pages"}],"about":[{"href":"https:\/\/satukiljunen.com\/index.php\/wp-json\/wp\/v2\/types\/page"}],"author":[{"embeddable":true,"href":"https:\/\/satukiljunen.com\/index.php\/wp-json\/wp\/v2\/users\/1"}],"replies":[{"embeddable":true,"href":"https:\/\/satukiljunen.com\/index.php\/wp-json\/wp\/v2\/comments?post=202"}],"version-history":[{"count":5,"href":"https:\/\/satukiljunen.com\/index.php\/wp-json\/wp\/v2\/pages\/202\/revisions"}],"predecessor-version":[{"id":322,"href":"https:\/\/satukiljunen.com\/index.php\/wp-json\/wp\/v2\/pages\/202\/revisions\/322"}],"wp:attachment":[{"href":"https:\/\/satukiljunen.com\/index.php\/wp-json\/wp\/v2\/media?parent=202"}],"curies":[{"name":"wp","href":"https:\/\/api.w.org\/{rel}","templated":true}]}}