{"id":189,"date":"2021-11-24T10:37:25","date_gmt":"2021-11-24T10:37:25","guid":{"rendered":"https:\/\/satukiljunen.com\/?page_id=189"},"modified":"2021-11-24T16:17:09","modified_gmt":"2021-11-24T16:17:09","slug":"cv-engl","status":"publish","type":"page","link":"https:\/\/satukiljunen.com\/index.php\/cv-engl\/","title":{"rendered":"CV engl"},"content":{"rendered":"\n<p><strong>Satu Kiljunen<\/strong><\/p>\n\n\n\n<p><strong>artist<\/strong><\/p>\n\n\n\n<p><strong>Curriculum Vitae \/ Selected<\/strong><\/p>\n\n\n\n<p><strong>Born in Helsinki, lived from 1992 in K\u00f6kar, working and studio also in Helsinki<\/strong><\/p>\n\n\n\n<p><strong>Education: <\/strong>Academy of Fine Arts, Helsinki 1974-78<\/p>\n\n\n\n<p>Studies at University of Helsinki, history of art, history of Finland, ethnology, aesthetics 1974-<\/p>\n\n\n\n<p>Studies at the department of the monumental painting, Kungl.Akademien f\u00f6r de fria konsterna, Stockholm, autumn 1977<\/p>\n\n\n\n<p><strong>The Honorary Doctor at University of the Arts 2018<\/strong><\/p>\n\n\n\n<p><strong>Memberships:<\/strong><\/p>\n\n\n\n<p><strong>Union of Painters 1980 from<\/strong><\/p>\n\n\n\n<p><strong>Finnish Union of University Professors<\/strong><\/p>\n\n\n\n<p><strong>Muu ry<\/strong><\/p>\n\n\n\n<p><strong>Solo exhibitions<\/strong><\/p>\n\n\n\n<p>Vanhan Ylioppilastalon galleria Helsinki 1982<\/p>\n\n\n\n<p>Galleria Katariina 1983<\/p>\n\n\n\n<p>Galleria Pelin 1986<\/p>\n\n\n\n<p>Helsingin Taidehalli 1991<\/p>\n\n\n\n<p>Maarianhaminan taidemuseo 1994<\/p>\n\n\n\n<p>Kakelhallen Maarianhamina 1999<\/p>\n\n\n\n<p>Kuvataideakatemian galleria 2000<\/p>\n\n\n\n<p>Krista Mikkolan galleria Helsinki 2001<\/p>\n\n\n\n<p>Amos Andersson S\u00f6derl\u00e5ngvik 2002<\/p>\n\n\n\n<p>Maarianhaminan kirjasto 2002<\/p>\n\n\n\n<p>Kakelhallen Maarianhamina 2005<\/p>\n\n\n\n<p>Galleria Krista Mikkola Helsinki 2006<\/p>\n\n\n\n<p>Kakelhallen Maarianhamina 2010<\/p>\n\n\n\n<p>Dagmarinkatu 13 B 6, 2011, Helsinki<\/p>\n\n\n\n<p>Kakelhallen Maarianhamina lokakuu 2013<\/p>\n\n\n\n<p>Galleria G Helsinki tammikuu 2017<\/p>\n\n\n\n<p><strong>Selected group exhibitions from 1979<\/strong><\/p>\n\n\n\n<p>Suomen Taiteilijaseuran vuosin\u00e4yttely 1979,80,83,88<\/p>\n\n\n\n<p>Aluen\u00e4yttely 1977,79,81<\/p>\n\n\n\n<p>Valtakunnan n\u00e4yttely 1979<\/p>\n\n\n\n<p>Nuorten n\u00e4yttelyt 1977,79,80<\/p>\n\n\n\n<p>Valo ja aine Helsingin kaupungin taidemuseo 1988<\/p>\n\n\n\n<p>Suomen Taiteilijaseuran 125-vuotisjuhlan\u00e4yttely Ateneum 1989<\/p>\n\n\n\n<p>Tila ja ymp\u00e4rist\u00f6 Kajaanin Taidehalli 1990<\/p>\n\n\n\n<p>Galleria Pelinin 10-vuotisn\u00e4yttely 1991<\/p>\n\n\n\n<p>Attitude Ecker\u00f6n postitalo \u00c5land 1995<\/p>\n\n\n\n<p>Ymp\u00e4rist\u00f6teos Tampereella valotauluissa Jussi Heikkil\u00e4n kanssa 1995<\/p>\n\n\n\n<p>Alvar Aalto-museo Jyv\u00e4skyl\u00e4 Naken mig 1995-1996<\/p>\n\n\n\n<p>Kroppsn\u00e4ra Alvar Aalto museo 1997<\/p>\n\n\n\n<p>Syner, Sights, N\u00e4kyj\u00e4-n\u00e4yttely Tammisaari 1998<\/p>\n\n\n\n<p>Art Farm, Kasteholma, \u00c5land 1999<\/p>\n\n\n\n<p>Kiasma, kontti, Calvinon muistiot 2000<\/p>\n\n\n\n<p>AX,Amos Andersson 2007<\/p>\n\n\n\n<p>AX,Maarianhaminan taidemuseo 2007<\/p>\n\n\n\n<p>Pyh\u00e4niemenkartano 2012<\/p>\n\n\n\n<p>Aboa Vetus Performanssi Suomessa 2013, Turku<\/p>\n\n\n\n<p>Muotokuva, Lahden taidemuseo, 18.10. 2013-19.4.2014<\/p>\n\n\n\n<p>Puss&amp;Kram, sommar-h\u00f6st 2014 Ecker\u00f6 Post-och Tullhus,<\/p>\n\n\n\n<p><strong>Group exhibitions abroad:<\/strong><\/p>\n\n\n\n<p>Kiljunen-Tanttu, Experimential video-art Arnheim, Amsterdam 1988<\/p>\n\n\n\n<p>M\u00e4ki,Vaara,Kiljunen kokeellisen taiteen n\u00e4yttely Riga 1993<\/p>\n\n\n\n<p>Kroppsn\u00e4ra- n\u00e4yttely Norrk\u00f6ping 1996, Henie Onstad Taidekeskus Oslo 1997,<\/p>\n\n\n\n<p>Vestsj\u00e4ellands taidemuseo Tanska 1997, Kjarvalstadir Iceland 1998<\/p>\n\n\n\n<p>Lanntair Stornoway, Scotland 2008<\/p>\n\n\n\n<p>Portrait Now, Danmark, Frederiksborg, 2013<\/p>\n\n\n\n<p>Portrait Now, Ljungbymuseum, Sweden, 2013<\/p>\n\n\n\n<p><strong>Works in collections<\/strong><\/p>\n\n\n\n<p>Finnish State Art Collection<\/p>\n\n\n\n<p>Kuntsi Art Collection<\/p>\n\n\n\n<p>KOP-bank<\/p>\n\n\n\n<p>Helsinki town<\/p>\n\n\n\n<p>Mariehamn town<\/p>\n\n\n\n<p>Pro Artibus \/ Svenska kulturfonden<\/p>\n\n\n\n<p><strong>Invited competition<\/strong><\/p>\n\n\n\n<p>Alandica kultur-och kongresshus 2007-2008 1. Prize<\/p>\n\n\n\n<p>Nordic competition :Mariehamn town (Vattenskulpture) 2000<\/p>\n\n\n\n<p>International competition: Fredericia Danmark, Port Sculpture Skyline 2000-2001<\/p>\n\n\n\n<p><strong>Public works<\/strong><\/p>\n\n\n\n<p>Swing, 2009, Alandica Maarianhamina<\/p>\n\n\n\n<p>Talmansportr\u00e4tt, Barbro Sundback 2012<\/p>\n\n\n\n<p><strong>Most important grants, awards<\/strong><\/p>\n\n\n\n<p>State Prize of Finland 1985 with Jack Helen Brut -group<\/p>\n\n\n\n<p>One year state grant 1986, 89, 05<\/p>\n\n\n\n<p>Three years state grant 1991-1993<\/p>\n\n\n\n<p>The Finnish Cultural Foundation 2004<\/p>\n\n\n\n<p>Five years state grant 1995-1999, 2007-2011<\/p>\n\n\n\n<p>Alfred Kordelin foundation 2012<\/p>\n\n\n\n<p>Artist pension state of Finland 2018<\/p>\n\n\n\n<p><strong>Activities in peformance art<\/strong><\/p>\n\n\n\n<p><strong>Experimential visual group, Jack Helen Brut,1981-1987<\/strong><\/p>\n\n\n\n<p>JHB-ryhm\u00e4n osallistunut ulkomaisille performance, teatteri, ja videofestivaaleille:<\/p>\n\n\n\n<p>Oslo \u201dSuomen Taide nyt\u201d Henie Onstad-keskus 1983,<\/p>\n\n\n\n<p>Reykjavik Opera 1984,<\/p>\n\n\n\n<p>Lissabon Gulbenkian museo 1984,<\/p>\n\n\n\n<p>Madrid 1985 Sala Olimpia<\/p>\n\n\n\n<p>Lukuisia esityksi\u00e4 ymp\u00e4ri Suomea, viimeisin \u201dKristallipallo\u201d Retretti 1987 sek\u00e4 Loop-rekonstruktio vuodelta 1985 Kiasma-teatterissa 2000.<\/p>\n\n\n\n<p><strong>Directed and planned:<\/strong><\/p>\n\n\n\n<p>\u201d2m kertaa 21m \/ ikuisuus on nykyhetkess\u00e4-tulevaisuus on nyt\u201d\u201d Helsingin kaupungin taidemuseo 1990,<\/p>\n\n\n\n<p>\u201dKahdeksan omael\u00e4m\u00e4nkertaa\u201d Imatra 1991,<\/p>\n\n\n\n<p>\u201dEsitys installaationa\u201d Kajaani Kaukamets\u00e4 1990<\/p>\n\n\n\n<p><strong>Visual planner and assistant director:<\/strong><\/p>\n\n\n\n<p>\u201dVoitto auringosta\u201d oopperan (Malevits) ja Elisabet Bam n\u00e4ytelm\u00e4n rekonstruoimiseksi 1987 Imatralle ven\u00e4l\u00e4isen avantgarden festivaaleille sek\u00e4 Vanhalle Ylioppilastalolle Helsinkiin<\/p>\n\n\n\n<p>Mars teatterin \u201d Dr\u00f6mspelet\u201d 1989<\/p>\n\n\n\n<p>Lukuisia yhteisty\u00f6produktioita ohjaaja Annette Arlanderin kanssa.<\/p>\n\n\n\n<p><strong>Working as curator:<\/strong><\/p>\n\n\n\n<p>Imatra, Finland, Festival of Russian Avantgarde 1987<\/p>\n\n\n\n<p>Identity-Myhood, Contemporary Artmuseums, Helsinki and Moskwa 1992-93<\/p>\n\n\n\n<p><strong>Published articles (written by the artist):<\/strong><\/p>\n\n\n\n<p><strong>SIKSI editioral board<\/strong> 1986-89 several articles<\/p>\n\n\n\n<p><strong>TAIDEeditioral board <\/strong>1991-93 several articles<\/p>\n\n\n\n<p><strong>Edited<\/strong> <strong>Taidehalli-publication, Performance-85<\/strong><\/p>\n\n\n\n<p><strong>Tiedepolitiikka 2\/90<\/strong>, Kuvan tekeminen on n\u00e4kyv\u00e4ksi tekemist\u00e4<\/p>\n\n\n\n<p>Edited the book <strong>\u201dTaiteellinen tutkimus\u201d 2001 ja Artistic research<\/strong>, with Mika Hannulan, 2002<\/p>\n\n\n\n<p><strong>Teaching activities<\/strong><\/p>\n\n\n\n<p>1986-97 University of Art and Design, Helsinki<\/p>\n\n\n\n<p>1987-97 Finnish Academy of Fine Arts, Departments of Painting and Time and Space<\/p>\n\n\n\n<p><strong>Planner and leader for Doctoral Studies in The Academy of Fine Arts, 1997-2000<\/strong><\/p>\n\n\n\n<p><strong>Professor of Artistic research, 2000-2003<\/strong><\/p>\n\n\n\n<p><strong>Pre-Examination Board, chairman, 2006-2020<\/strong><\/p>\n\n\n\n<p><strong>Programs in radio and TV, selected<\/strong><\/p>\n\n\n\n<p>Taiteen laita ,TV, Amateur scientist, about own artistic work, 1988, director Tarja Stranden<\/p>\n\n\n\n<p>Saarelaisia TV-dokumentti 2000 ohjaaja Tarja Stranden<\/p>\n\n\n\n<p>Kuusi Kuvaa, radio, internet yle\/areena 2018<\/p>\n","protected":false},"excerpt":{"rendered":"<p>Satu Kiljunen artist Curriculum Vitae \/ Selected Born in Helsinki, lived from 1992 in K\u00f6kar, working and studio also in Helsinki Education: Academy of Fine Arts, Helsinki 1974-78 Studies at University of Helsinki, history of art, history of Finland, ethnology, aesthetics 1974- Studies at the department of the monumental painting, Kungl.Akademien f\u00f6r de fria konsterna,&#8230;<\/p>\n","protected":false},"author":1,"featured_media":0,"parent":0,"menu_order":0,"comment_status":"closed","ping_status":"closed","template":"","meta":{"_kadence_starter_templates_imported_post":false,"_kad_post_transparent":"","_kad_post_title":"","_kad_post_layout":"","_kad_post_sidebar_id":"","_kad_post_content_style":"","_kad_post_vertical_padding":"","_kad_post_feature":"","_kad_post_feature_position":"","_kad_post_header":false,"_kad_post_footer":false,"_kad_post_classname":"","footnotes":""},"class_list":["post-189","page","type-page","status-publish","hentry"],"_links":{"self":[{"href":"https:\/\/satukiljunen.com\/index.php\/wp-json\/wp\/v2\/pages\/189","targetHints":{"allow":["GET"]}}],"collection":[{"href":"https:\/\/satukiljunen.com\/index.php\/wp-json\/wp\/v2\/pages"}],"about":[{"href":"https:\/\/satukiljunen.com\/index.php\/wp-json\/wp\/v2\/types\/page"}],"author":[{"embeddable":true,"href":"https:\/\/satukiljunen.com\/index.php\/wp-json\/wp\/v2\/users\/1"}],"replies":[{"embeddable":true,"href":"https:\/\/satukiljunen.com\/index.php\/wp-json\/wp\/v2\/comments?post=189"}],"version-history":[{"count":4,"href":"https:\/\/satukiljunen.com\/index.php\/wp-json\/wp\/v2\/pages\/189\/revisions"}],"predecessor-version":[{"id":332,"href":"https:\/\/satukiljunen.com\/index.php\/wp-json\/wp\/v2\/pages\/189\/revisions\/332"}],"wp:attachment":[{"href":"https:\/\/satukiljunen.com\/index.php\/wp-json\/wp\/v2\/media?parent=189"}],"curies":[{"name":"wp","href":"https:\/\/api.w.org\/{rel}","templated":true}]}}