{"id":122,"date":"2021-11-10T10:18:04","date_gmt":"2021-11-10T10:18:04","guid":{"rendered":"https:\/\/satukiljunen.com\/?page_id=122"},"modified":"2021-11-24T14:37:16","modified_gmt":"2021-11-24T14:37:16","slug":"dagmarinkatu","status":"publish","type":"page","link":"https:\/\/satukiljunen.com\/index.php\/dagmarinkatu\/","title":{"rendered":"N\u00e4yttely Dagmarinkadulla"},"content":{"rendered":"\n<div class=\"wp-block-image\"><figure class=\"aligncenter size-large\"><img loading=\"lazy\" decoding=\"async\" width=\"1024\" height=\"776\" src=\"https:\/\/satukiljunen.com\/wp-content\/uploads\/2021\/11\/SK20110401-03B-1-1024x776.jpg\" alt=\"\" class=\"wp-image-274\" srcset=\"https:\/\/satukiljunen.com\/wp-content\/uploads\/2021\/11\/SK20110401-03B-1-1024x776.jpg 1024w, https:\/\/satukiljunen.com\/wp-content\/uploads\/2021\/11\/SK20110401-03B-1-300x227.jpg 300w, https:\/\/satukiljunen.com\/wp-content\/uploads\/2021\/11\/SK20110401-03B-1-768x582.jpg 768w, https:\/\/satukiljunen.com\/wp-content\/uploads\/2021\/11\/SK20110401-03B-1.jpg 1500w\" sizes=\"auto, (max-width: 1024px) 100vw, 1024px\" \/><figcaption> Optinen ruskea seitsem\u00e4ll\u00e4 v\u00e4rill\u00e4, \u00f6ljymaalaus kankaalle, 2010, 280&#215;215 cm<\/figcaption><\/figure><\/div>\n\n\n\n<div class=\"wp-block-image\"><figure class=\"aligncenter size-full\"><img loading=\"lazy\" decoding=\"async\" width=\"445\" height=\"600\" src=\"https:\/\/satukiljunen.com\/wp-content\/uploads\/2021\/11\/SK20110401-03.jpg\" alt=\"\" class=\"wp-image-126\" srcset=\"https:\/\/satukiljunen.com\/wp-content\/uploads\/2021\/11\/SK20110401-03.jpg 445w, https:\/\/satukiljunen.com\/wp-content\/uploads\/2021\/11\/SK20110401-03-223x300.jpg 223w\" sizes=\"auto, (max-width: 445px) 100vw, 445px\" \/><figcaption>Optinen ruskea seitsem\u00e4ll\u00e4 v\u00e4rill\u00e4, \u00f6ljymaalaus kankaalle, 2010, 280&#215;215 cm<\/figcaption><\/figure><\/div>\n\n\n\n<div class=\"wp-block-image\"><figure class=\"aligncenter size-large is-resized\"><img loading=\"lazy\" decoding=\"async\" src=\"https:\/\/satukiljunen.com\/wp-content\/uploads\/2021\/11\/SK20110401-09-1-1024x708.jpg\" alt=\"\" class=\"wp-image-289\" width=\"524\" height=\"362\" srcset=\"https:\/\/satukiljunen.com\/wp-content\/uploads\/2021\/11\/SK20110401-09-1-1024x708.jpg 1024w, https:\/\/satukiljunen.com\/wp-content\/uploads\/2021\/11\/SK20110401-09-1-300x207.jpg 300w, https:\/\/satukiljunen.com\/wp-content\/uploads\/2021\/11\/SK20110401-09-1-768x531.jpg 768w, https:\/\/satukiljunen.com\/wp-content\/uploads\/2021\/11\/SK20110401-09-1.jpg 1435w\" sizes=\"auto, (max-width: 524px) 100vw, 524px\" \/><figcaption>   Boyman valkoinen-musta, liimav\u00e4ri kipsille, 2006, 24x32x3 cm<\/figcaption><\/figure><\/div>\n\n\n\n<div class=\"wp-block-image\"><figure class=\"aligncenter size-full is-resized\"><img loading=\"lazy\" decoding=\"async\" src=\"https:\/\/satukiljunen.com\/wp-content\/uploads\/2021\/11\/SK20110401-11.jpg\" alt=\"\" class=\"wp-image-144\" width=\"212\" height=\"264\" srcset=\"https:\/\/satukiljunen.com\/wp-content\/uploads\/2021\/11\/SK20110401-11.jpg 482w, https:\/\/satukiljunen.com\/wp-content\/uploads\/2021\/11\/SK20110401-11-241x300.jpg 241w\" sizes=\"auto, (max-width: 212px) 100vw, 212px\" \/><figcaption>Boyman vastavalo, \u00f6ljy kipsireliefille, 2011, 24x32x3 cm<\/figcaption><\/figure><\/div>\n\n\n\n<div class=\"wp-block-image\"><figure class=\"aligncenter size-full\"><img loading=\"lazy\" decoding=\"async\" width=\"600\" height=\"217\" src=\"https:\/\/satukiljunen.com\/wp-content\/uploads\/2021\/11\/SK20110401-05.jpg\" alt=\"\" class=\"wp-image-132\" srcset=\"https:\/\/satukiljunen.com\/wp-content\/uploads\/2021\/11\/SK20110401-05.jpg 600w, https:\/\/satukiljunen.com\/wp-content\/uploads\/2021\/11\/SK20110401-05-300x109.jpg 300w\" sizes=\"auto, (max-width: 600px) 100vw, 600px\" \/><figcaption>Boyman-sarja, erilaisia tapoja maalata v\u008a\u00e4rillinen iho      <br>A.  Renesanssitekniikka      B.  Barokin valokohotus      <br>C.  Syntetistinen, 2- ulotteinen      D.  Pointillistinen      <br>E.  Optinen ruskea, \u00f6\u009aljy kipsireliefille<br>2006-2010, 24x32x3 cm<\/figcaption><\/figure><\/div>\n\n\n\n<div class=\"wp-block-image\"><figure class=\"aligncenter size-full is-resized\"><img loading=\"lazy\" decoding=\"async\" src=\"https:\/\/satukiljunen.com\/wp-content\/uploads\/2021\/11\/SK20110401-04B.jpg\" alt=\"\" class=\"wp-image-130\" width=\"209\" height=\"269\" srcset=\"https:\/\/satukiljunen.com\/wp-content\/uploads\/2021\/11\/SK20110401-04B.jpg 467w, https:\/\/satukiljunen.com\/wp-content\/uploads\/2021\/11\/SK20110401-04B-234x300.jpg 234w\" sizes=\"auto, (max-width: 209px) 100vw, 209px\" \/><figcaption>Kuvio voittaa muodon, \u009a\u00f6ljy kipsireliefille, 2010, 24x32x3 cm<\/figcaption><\/figure><\/div>\n\n\n\n<div class=\"wp-block-image\"><figure class=\"aligncenter size-full\"><img loading=\"lazy\" decoding=\"async\" width=\"600\" height=\"293\" src=\"https:\/\/satukiljunen.com\/wp-content\/uploads\/2021\/11\/SK20110401-04.jpg\" alt=\"\" class=\"wp-image-128\" srcset=\"https:\/\/satukiljunen.com\/wp-content\/uploads\/2021\/11\/SK20110401-04.jpg 600w, https:\/\/satukiljunen.com\/wp-content\/uploads\/2021\/11\/SK20110401-04-300x147.jpg 300w\" sizes=\"auto, (max-width: 600px) 100vw, 600px\" \/><figcaption>Satu Kiljunen: Kuvio voittaa muodon, \u00f6\u009aljy kipsireliefille, 2010      <br>A. Shakkiruutu       B. Senegalilainen kangas      C. Ruudullinen<br>24x32x3 cm<\/figcaption><\/figure><\/div>\n\n\n\n<div class=\"wp-block-image\"><figure class=\"aligncenter size-full is-resized\"><img loading=\"lazy\" decoding=\"async\" src=\"https:\/\/satukiljunen.com\/wp-content\/uploads\/2021\/11\/SK20110401-04A.jpg\" alt=\"\" class=\"wp-image-129\" width=\"216\" height=\"278\" srcset=\"https:\/\/satukiljunen.com\/wp-content\/uploads\/2021\/11\/SK20110401-04A.jpg 466w, https:\/\/satukiljunen.com\/wp-content\/uploads\/2021\/11\/SK20110401-04A-233x300.jpg 233w\" sizes=\"auto, (max-width: 216px) 100vw, 216px\" \/><figcaption>Kuvio voittaa muodon, Shakkiruutu, <br>\u00f6\u009aljy kipsireliefille, 2010, 24x32x3 cm<\/figcaption><\/figure><\/div>\n\n\n\n<div class=\"wp-block-image\"><figure class=\"aligncenter size-full is-resized\"><img loading=\"lazy\" decoding=\"async\" src=\"https:\/\/satukiljunen.com\/wp-content\/uploads\/2021\/11\/SK20110401-01.jpg\" alt=\"\" class=\"wp-image-124\" width=\"223\" height=\"293\" srcset=\"https:\/\/satukiljunen.com\/wp-content\/uploads\/2021\/11\/SK20110401-01.jpg 456w, https:\/\/satukiljunen.com\/wp-content\/uploads\/2021\/11\/SK20110401-01-228x300.jpg 228w\" sizes=\"auto, (max-width: 223px) 100vw, 223px\" \/><figcaption>\u00c4\u0080iti-piirretty, lyijykyn\u008a\u00e4 kipsireliefille, 2011, 35&#215;19 cm<\/figcaption><\/figure><\/div>\n\n\n\n<div class=\"wp-block-image\"><figure class=\"aligncenter size-large is-resized\"><img loading=\"lazy\" decoding=\"async\" src=\"https:\/\/satukiljunen.com\/wp-content\/uploads\/2021\/11\/SK20110401-02-1-776x1024.jpg\" alt=\"\" class=\"wp-image-258\" width=\"221\" height=\"291\" srcset=\"https:\/\/satukiljunen.com\/wp-content\/uploads\/2021\/11\/SK20110401-02-1-776x1024.jpg 776w, https:\/\/satukiljunen.com\/wp-content\/uploads\/2021\/11\/SK20110401-02-1-227x300.jpg 227w, https:\/\/satukiljunen.com\/wp-content\/uploads\/2021\/11\/SK20110401-02-1-768x1014.jpg 768w, https:\/\/satukiljunen.com\/wp-content\/uploads\/2021\/11\/SK20110401-02-1.jpg 1000w\" sizes=\"auto, (max-width: 221px) 100vw, 221px\" \/><figcaption>  \u00c4iti-valkoinen, kipsireliefi, 2011, 35&#215;19 cm<\/figcaption><\/figure><\/div>\n\n\n\n<div class=\"wp-block-image\"><figure class=\"aligncenter size-large\"><img loading=\"lazy\" decoding=\"async\" width=\"1024\" height=\"720\" src=\"https:\/\/satukiljunen.com\/wp-content\/uploads\/2021\/11\/SK20110401-06-08-1-1024x720.jpg\" alt=\"\" class=\"wp-image-282\" srcset=\"https:\/\/satukiljunen.com\/wp-content\/uploads\/2021\/11\/SK20110401-06-08-1-1024x720.jpg 1024w, https:\/\/satukiljunen.com\/wp-content\/uploads\/2021\/11\/SK20110401-06-08-1-300x211.jpg 300w, https:\/\/satukiljunen.com\/wp-content\/uploads\/2021\/11\/SK20110401-06-08-1-768x540.jpg 768w, https:\/\/satukiljunen.com\/wp-content\/uploads\/2021\/11\/SK20110401-06-08-1.jpg 1500w\" sizes=\"auto, (max-width: 1024px) 100vw, 1024px\" \/><\/figure><\/div>\n\n\n\n<div class=\"wp-block-image\"><figure class=\"aligncenter size-large\"><img loading=\"lazy\" decoding=\"async\" width=\"804\" height=\"1024\" src=\"https:\/\/satukiljunen.com\/wp-content\/uploads\/2021\/11\/SK20110401-06-1-804x1024.jpg\" alt=\"\" class=\"wp-image-278\" srcset=\"https:\/\/satukiljunen.com\/wp-content\/uploads\/2021\/11\/SK20110401-06-1-804x1024.jpg 804w, https:\/\/satukiljunen.com\/wp-content\/uploads\/2021\/11\/SK20110401-06-1-236x300.jpg 236w, https:\/\/satukiljunen.com\/wp-content\/uploads\/2021\/11\/SK20110401-06-1-768x978.jpg 768w, https:\/\/satukiljunen.com\/wp-content\/uploads\/2021\/11\/SK20110401-06-1.jpg 1178w\" sizes=\"auto, (max-width: 804px) 100vw, 804px\" \/><figcaption>  Viivamaalaus seitsem\u00e4ll\u00e4 v\u00e4rill\u00e4, \u00f6ljymaalaus kankaalle, 2011, 280&#215;215 cm<\/figcaption><\/figure><\/div>\n\n\n\n<div class=\"wp-block-image\"><figure class=\"aligncenter size-large is-resized\"><img loading=\"lazy\" decoding=\"async\" src=\"https:\/\/satukiljunen.com\/wp-content\/uploads\/2021\/11\/SK20110401-08-1-696x1024.jpg\" alt=\"\" class=\"wp-image-260\" width=\"550\" height=\"809\" srcset=\"https:\/\/satukiljunen.com\/wp-content\/uploads\/2021\/11\/SK20110401-08-1-696x1024.jpg 696w, https:\/\/satukiljunen.com\/wp-content\/uploads\/2021\/11\/SK20110401-08-1-204x300.jpg 204w, https:\/\/satukiljunen.com\/wp-content\/uploads\/2021\/11\/SK20110401-08-1-768x1131.jpg 768w, https:\/\/satukiljunen.com\/wp-content\/uploads\/2021\/11\/SK20110401-08-1.jpg 1019w\" sizes=\"auto, (max-width: 550px) 100vw, 550px\" \/><figcaption> Is\u00e4-pyyhitty,   \u00f6ljymaalaus kankaalle, 2011, 215&#215;150  cm<\/figcaption><\/figure><\/div>\n\n\n\n<div class=\"wp-block-image\"><figure class=\"aligncenter size-large is-resized\"><img loading=\"lazy\" decoding=\"async\" src=\"https:\/\/satukiljunen.com\/wp-content\/uploads\/2021\/11\/SK20110401-10-1-1024x752.jpg\" alt=\"\" class=\"wp-image-263\" width=\"411\" height=\"302\" srcset=\"https:\/\/satukiljunen.com\/wp-content\/uploads\/2021\/11\/SK20110401-10-1-1024x752.jpg 1024w, https:\/\/satukiljunen.com\/wp-content\/uploads\/2021\/11\/SK20110401-10-1-300x220.jpg 300w, https:\/\/satukiljunen.com\/wp-content\/uploads\/2021\/11\/SK20110401-10-1-768x564.jpg 768w, https:\/\/satukiljunen.com\/wp-content\/uploads\/2021\/11\/SK20110401-10-1.jpg 1500w\" sizes=\"auto, (max-width: 411px) 100vw, 411px\" \/><figcaption> Kaksoset,  \u00f6ljy puolireliefeille, 2011, 24x32x3 cm<\/figcaption><\/figure><\/div>\n\n\n\n<div class=\"wp-block-image\"><figure class=\"aligncenter size-large is-resized\"><img loading=\"lazy\" decoding=\"async\" src=\"https:\/\/satukiljunen.com\/wp-content\/uploads\/2021\/11\/SK20110401-07-1-728x1024.jpg\" alt=\"\" class=\"wp-image-285\" width=\"268\" height=\"377\" srcset=\"https:\/\/satukiljunen.com\/wp-content\/uploads\/2021\/11\/SK20110401-07-1-728x1024.jpg 728w, https:\/\/satukiljunen.com\/wp-content\/uploads\/2021\/11\/SK20110401-07-1-213x300.jpg 213w, https:\/\/satukiljunen.com\/wp-content\/uploads\/2021\/11\/SK20110401-07-1-768x1081.jpg 768w, https:\/\/satukiljunen.com\/wp-content\/uploads\/2021\/11\/SK20110401-07-1.jpg 940w\" sizes=\"auto, (max-width: 268px) 100vw, 268px\" \/><figcaption>  Spirituaalinen ,  \u00f6ljy kipsille, 2011, 35&#215;19 cm<\/figcaption><\/figure><\/div>\n","protected":false},"excerpt":{"rendered":"","protected":false},"author":1,"featured_media":0,"parent":0,"menu_order":0,"comment_status":"closed","ping_status":"closed","template":"","meta":{"_kadence_starter_templates_imported_post":false,"_kad_post_transparent":"","_kad_post_title":"","_kad_post_layout":"","_kad_post_sidebar_id":"","_kad_post_content_style":"","_kad_post_vertical_padding":"","_kad_post_feature":"","_kad_post_feature_position":"","_kad_post_header":false,"_kad_post_footer":false,"_kad_post_classname":"","footnotes":""},"class_list":["post-122","page","type-page","status-publish","hentry"],"_links":{"self":[{"href":"https:\/\/satukiljunen.com\/index.php\/wp-json\/wp\/v2\/pages\/122","targetHints":{"allow":["GET"]}}],"collection":[{"href":"https:\/\/satukiljunen.com\/index.php\/wp-json\/wp\/v2\/pages"}],"about":[{"href":"https:\/\/satukiljunen.com\/index.php\/wp-json\/wp\/v2\/types\/page"}],"author":[{"embeddable":true,"href":"https:\/\/satukiljunen.com\/index.php\/wp-json\/wp\/v2\/users\/1"}],"replies":[{"embeddable":true,"href":"https:\/\/satukiljunen.com\/index.php\/wp-json\/wp\/v2\/comments?post=122"}],"version-history":[{"count":21,"href":"https:\/\/satukiljunen.com\/index.php\/wp-json\/wp\/v2\/pages\/122\/revisions"}],"predecessor-version":[{"id":466,"href":"https:\/\/satukiljunen.com\/index.php\/wp-json\/wp\/v2\/pages\/122\/revisions\/466"}],"wp:attachment":[{"href":"https:\/\/satukiljunen.com\/index.php\/wp-json\/wp\/v2\/media?parent=122"}],"curies":[{"name":"wp","href":"https:\/\/api.w.org\/{rel}","templated":true}]}}